{"id":2290,"date":"2025-06-02T09:52:32","date_gmt":"2025-06-02T09:52:32","guid":{"rendered":"https:\/\/ithsolutions.pt\/services\/cloud-solutions-and-microsoft-365\/"},"modified":"2025-10-08T08:26:05","modified_gmt":"2025-10-08T08:26:05","slug":"cloud-solutions-and-microsoft-365","status":"publish","type":"page","link":"https:\/\/ithsolutions.pt\/en\/services\/cloud-solutions-and-microsoft-365\/","title":{"rendered":"Cloud solutions and Microsoft 365"},"content":{"rendered":"<section class=\"text-left-image-right\">\n    <div class=\"container\">\n        <div class=\"row align-items-center\">\n            <div class=\"col-lg-6\">\n                                    <h2 class=\"text-left-image-right-title\">Cloud solutions and Microsoft 365 <\/h1>\n                                \n                                    <p class=\"text-left-image-right-text\"><p><strong>Modernize your company with security, mobility, and technological strategy<\/strong><\/p>\n<p>Companies that still operate with local and fragmented systems face serious challenges in collaboration, scalability, and data protection. ITH Solutions supports the transition to a safer, more efficient, and growth-ready digital environment through the adoption of cloud solutions, collaborative tools, and a technology strategy tailored to each organization\u2019s reality. <\/p>\n<p>Combinamos a implementa\u00e7\u00e3o t\u00e9cnica com uma componente consultiva para garantir que a tecnologia acompanha os seus objetivos de neg\u00f3cio e impulsiona a transforma\u00e7\u00e3o digital de forma sustentada.<\/p>\n<\/p>\n                            <\/div>\n            <div class=\"col-lg-6\">\n                                    <div class=\"text-left-image-right-image\">\n                        <img loading=\"lazy\" decoding=\"async\" width=\"776\" height=\"328\" src=\"https:\/\/ithsolutions.pt\/wp-content\/uploads\/2023\/10\/homepage-parceiros.webp\" class=\"floating-animation\" alt=\"Gest\u00e3o de dispositivos\" srcset=\"https:\/\/ithsolutions.pt\/wp-content\/uploads\/2023\/10\/homepage-parceiros.webp 1900w, https:\/\/ithsolutions.pt\/wp-content\/uploads\/2023\/10\/homepage-parceiros-300x127.webp 300w, https:\/\/ithsolutions.pt\/wp-content\/uploads\/2023\/10\/homepage-parceiros-1024x432.webp 1024w, https:\/\/ithsolutions.pt\/wp-content\/uploads\/2023\/10\/homepage-parceiros-768x324.webp 768w, https:\/\/ithsolutions.pt\/wp-content\/uploads\/2023\/10\/homepage-parceiros-1536x648.webp 1536w\" sizes=\"auto, (max-width: 776px) 100vw, 776px\" \/>                        <div class=\"text-left-image-right-shape\"><\/div>\n                    <\/div>\n                            <\/div>\n        <\/div>\n    <\/div>\n<\/section>\n <section class=\"three-columns-section column-section\">\n    <div class=\"container\">\n                    <div class=\"row\">\n                <div class=\"col-12\">\n                    <h2 class=\"section-title\">What we do<\/h2>\n                                    <\/div>\n            <\/div>\n        \n                    <div class=\"row\">\n                                    <div class=\"col-lg-4 col-md-6 three-columns-card column\" >\n                                                    <div class=\"advantage-card\">\n                                                                    <div class=\"icon-wrapper\">\n                                        <i class=\"fas fa-cloud-arrow-up\"><\/i>\n                                    <\/div>\n                                                                                                    <h3><strong>Migration<\/strong><\/h3>\n<p><strong>Migra\u00e7\u00e3o segura para a cloud<\/strong> com alojamento e integra\u00e7\u00e3o cont\u00ednua<\/p>\n                                                            <\/div>\n                                            <\/div>\n                                    <div class=\"col-lg-4 col-md-6 three-columns-card column\" >\n                                                    <div class=\"advantage-card\">\n                                                                    <div class=\"icon-wrapper\">\n                                        <i class=\"fas fa-sliders\"><\/i>\n                                    <\/div>\n                                                                                                    <h3><strong>Implementation and Management<\/strong><\/h3>\n<p><strong>Implementation and management of Microsoft 365<\/strong>, including Teams, SharePoint and OneDrive<\/p>\n                                                            <\/div>\n                                            <\/div>\n                                    <div class=\"col-lg-4 col-md-6 three-columns-card column\" >\n                                                    <div class=\"advantage-card\">\n                                                                    <div class=\"icon-wrapper\">\n                                        <i class=\"fas fa-award\"><\/i>\n                                    <\/div>\n                                                                                                    <h3><strong>Consulting<\/strong><\/h3>\n<p><strong>Technology consultancy<\/strong> to align systems with the company&#8217;s strategy<\/p>\n                                                            <\/div>\n                                            <\/div>\n                                    <div class=\"col-lg-4 col-md-6 three-columns-card column\" >\n                                                    <div class=\"advantage-card\">\n                                                                    <div class=\"icon-wrapper\">\n                                        <i class=\"fas fa-cogs\"><\/i>\n                                    <\/div>\n                                                                                                    <h3><strong>Customization<\/strong><\/h3>\n<p><strong>Customization of Microsoft tools<\/strong> according to your operations<\/p>\n                                                            <\/div>\n                                            <\/div>\n                                    <div class=\"col-lg-4 col-md-6 three-columns-card column\" >\n                                                    <div class=\"advantage-card\">\n                                                                    <div class=\"icon-wrapper\">\n                                        <i class=\"fas fa-rocket\"><\/i>\n                                    <\/div>\n                                                                                                    <h3><strong>Training<\/strong><\/h3>\n<p><strong>Training and ongoing technical support<\/strong>, ensuring effective adoption<\/p>\n                                                            <\/div>\n                                            <\/div>\n                                    <div class=\"col-lg-4 col-md-6 three-columns-card column\" >\n                                                    <div class=\"advantage-card\">\n                                                                    <div class=\"icon-wrapper\">\n                                        <i class=\"fas fa-gears\"><\/i>\n                                    <\/div>\n                                                                                                    <h3><strong>Optimization<\/strong><\/h3>\n<p><strong>Optimization of internal processes<\/strong> based on good digital practices<\/p>\n                                                            <\/div>\n                                            <\/div>\n                            <\/div>\n            <\/div>\n<\/section>\n \n<section class=\"text-cards-section no-background full-horizontal\">\n    <div class=\"container\">\n        <div class=\"row \">\n            <div class=\"col-lg-12\">\n                <div class=\"content-intro\">\n                    <h2><strong>Benefits for your company<\/strong><\/h2>\n                <\/div>\n            <\/div>\n            <div class=\"col-lg-12\">\n                                    <div class=\"cards-grid grid-three-columns\">\n                                                                                    <div class=\"info-card column\" >\n                                    <div class=\"inner-card\">\n                                                                                    <div class=\"icon-wrapper\">\n                                                <i class=\"fas fa-arrows-up-down\"><\/i>\n                                            <\/div>\n                                                                                                                            <p><h3><strong>Centralization<\/strong><\/h3>\n<p>Centralization of information and effective collaboration between teams<\/p>\n<\/p>\n                                                                            <\/div>\n                                <\/div>\n                                                                                                                <div class=\"info-card column\" >\n                                    <div class=\"inner-card\">\n                                                                                    <div class=\"icon-wrapper\">\n                                                <i class=\"fas fa-puzzle-piece\"><\/i>\n                                            <\/div>\n                                                                                                                            <p><h3><strong>Flexibility<\/strong><\/h3>\n<p>Total flexibility with remote and multi-platform access<\/p>\n<\/p>\n                                                                            <\/div>\n                                <\/div>\n                                                                                                                <div class=\"info-card column\" >\n                                    <div class=\"inner-card\">\n                                                                                    <div class=\"icon-wrapper\">\n                                                <i class=\"fas fa-chart-line\"><\/i>\n                                            <\/div>\n                                                                                                                            <p><h3><strong>Costs<\/strong><\/h3>\n<p>Reduction of local infrastructure costs<\/p>\n<\/p>\n                                                                            <\/div>\n                                <\/div>\n                                                                                                                <div class=\"info-card column\" >\n                                    <div class=\"inner-card\">\n                                                                                    <div class=\"icon-wrapper\">\n                                                <i class=\"fas fa-rocket\"><\/i>\n                                            <\/div>\n                                                                                                                            <p><h3><strong>Productivity<\/strong><\/h3>\n<p>Increased productivity and organizational resilience<\/p>\n<\/p>\n                                                                            <\/div>\n                                <\/div>\n                                                                                                                <div class=\"info-card column\" >\n                                    <div class=\"inner-card\">\n                                                                                    <div class=\"icon-wrapper\">\n                                                <i class=\"fas fa-headset\"><\/i>\n                                            <\/div>\n                                                                                                                            <p><h3><strong>Follow-up<\/strong><\/h3>\n<p>Close support throughout the digital transformation journey<\/p>\n<\/p>\n                                                                            <\/div>\n                                <\/div>\n                                                                                                                <div class=\"info-card column\" >\n                                    <div class=\"inner-card\">\n                                                                                    <div class=\"icon-wrapper\">\n                                                <i class=\"fas fa-arrows-rotate\"><\/i>\n                                            <\/div>\n                                                                                                                            <p><h3><strong>Monitoring and Security<\/strong><\/h3>\n<p>To guarantee the integrity, compliance and performance of the cloud environment<\/p>\n<\/p>\n                                                                            <\/div>\n                                <\/div>\n                                                                        <\/div>\n                            <\/div>\n        <\/div>\n    <\/div>\n<\/section>\n ","protected":false},"excerpt":{"rendered":"","protected":false},"author":1,"featured_media":1003,"parent":2273,"menu_order":0,"comment_status":"closed","ping_status":"closed","template":"","meta":{"_acf_changed":false,"footnotes":""},"class_list":["post-2290","page","type-page","status-publish","has-post-thumbnail","hentry"],"acf":[],"_links":{"self":[{"href":"https:\/\/ithsolutions.pt\/en\/wp-json\/wp\/v2\/pages\/2290","targetHints":{"allow":["GET"]}}],"collection":[{"href":"https:\/\/ithsolutions.pt\/en\/wp-json\/wp\/v2\/pages"}],"about":[{"href":"https:\/\/ithsolutions.pt\/en\/wp-json\/wp\/v2\/types\/page"}],"author":[{"embeddable":true,"href":"https:\/\/ithsolutions.pt\/en\/wp-json\/wp\/v2\/users\/1"}],"replies":[{"embeddable":true,"href":"https:\/\/ithsolutions.pt\/en\/wp-json\/wp\/v2\/comments?post=2290"}],"version-history":[{"count":1,"href":"https:\/\/ithsolutions.pt\/en\/wp-json\/wp\/v2\/pages\/2290\/revisions"}],"predecessor-version":[{"id":2291,"href":"https:\/\/ithsolutions.pt\/en\/wp-json\/wp\/v2\/pages\/2290\/revisions\/2291"}],"up":[{"embeddable":true,"href":"https:\/\/ithsolutions.pt\/en\/wp-json\/wp\/v2\/pages\/2273"}],"wp:featuredmedia":[{"embeddable":true,"href":"https:\/\/ithsolutions.pt\/en\/wp-json\/wp\/v2\/media\/1003"}],"wp:attachment":[{"href":"https:\/\/ithsolutions.pt\/en\/wp-json\/wp\/v2\/media?parent=2290"}],"curies":[{"name":"wp","href":"https:\/\/api.w.org\/{rel}","templated":true}]}}